{"id":16,"date":"2019-01-25T19:24:53","date_gmt":"2019-01-25T19:24:53","guid":{"rendered":"http:\/\/projetoirmaos.com.br\/support\/edit-profile\/"},"modified":"2019-01-25T20:13:16","modified_gmt":"2019-01-25T20:13:16","slug":"edit-profile","status":"publish","type":"page","link":"https:\/\/projetoirmaos.com.br\/home\/support\/edit-profile\/","title":{"rendered":"SOBRE N\u00d3S"},"content":{"rendered":"\n<p>O Projeto Irm\u00e3os foi criado em 2014, a partir da necessidade de uma irm\u00e3 de um garoto com S\u00edndrome de Down, que sentiu a necessidade de  compartilhar experi\u00eancias e ang\u00fastias. <br><\/p>\n\n\n\n<p class=\"has-text-color has-very-dark-gray-color\"><strong>ENTRE IRM\u00c3OS<br><\/strong>Espa\u00e7o para que os irm\u00e3os de pessoas com defici\u00eancia intelectual, compartilhem momentos \u00edntimos, viv\u00eancias, falar de si sem julgamento e estreitar a conviv\u00eancia com seus irm\u00e3os e institui\u00e7\u00f5es parceiras.<\/p>\n\n\n\n<p><br>Fazemos encontros mensais com temas espec\u00edficos (envelhecimento, sexualidade, educa\u00e7\u00e3o, esporte, mercado de trabalho, entre muitos outros); <br> <br><\/p>\n\n\n\n<p><strong>NA SOCIEDADE<\/strong><br><\/p>\n\n\n\n<p>Utilizamos uma metodologia pr\u00f3pria que aplica as habilidades e compet\u00eancias que desenvolvemos devido a esse &#8220;status&#8221; de vida, na constru\u00e7\u00e3o pr\u00e1tica de ambientes mais plurais e f\u00e9rteis. <\/p>\n\n\n\n<p>Promovemos workshops, palestras, rodas de conversas e viv\u00eancias em institui\u00e7\u00f5es e empresas, disseminando a diversidade como um todo. Nos denominamos assim, EMBAIXADORES DA INCLUS\u00c3O.<br><\/p>\n\n\n\n<p><br><\/p>\n","protected":false},"excerpt":{"rendered":"<p>O Projeto Irm\u00e3os foi criado em 2014, a partir da necessidade de uma irm\u00e3 de um garoto com S\u00edndrome de Down, que sentiu a necessidade de compartilhar experi\u00eancias e ang\u00fastias. ENTRE IRM\u00c3OSEspa\u00e7o para que os irm\u00e3os de pessoas com defici\u00eancia intelectual, compartilhem momentos \u00edntimos, viv\u00eancias, falar de si sem julgamento e estreitar a conviv\u00eancia com [&hellip;]<\/p>\n","protected":false},"author":1,"featured_media":0,"parent":5,"menu_order":0,"comment_status":"closed","ping_status":"closed","template":"","meta":{"footnotes":""},"class_list":["post-16","page","type-page","status-publish","hentry"],"_links":{"self":[{"href":"https:\/\/projetoirmaos.com.br\/home\/wp-json\/wp\/v2\/pages\/16","targetHints":{"allow":["GET"]}}],"collection":[{"href":"https:\/\/projetoirmaos.com.br\/home\/wp-json\/wp\/v2\/pages"}],"about":[{"href":"https:\/\/projetoirmaos.com.br\/home\/wp-json\/wp\/v2\/types\/page"}],"author":[{"embeddable":true,"href":"https:\/\/projetoirmaos.com.br\/home\/wp-json\/wp\/v2\/users\/1"}],"replies":[{"embeddable":true,"href":"https:\/\/projetoirmaos.com.br\/home\/wp-json\/wp\/v2\/comments?post=16"}],"version-history":[{"count":1,"href":"https:\/\/projetoirmaos.com.br\/home\/wp-json\/wp\/v2\/pages\/16\/revisions"}],"predecessor-version":[{"id":39,"href":"https:\/\/projetoirmaos.com.br\/home\/wp-json\/wp\/v2\/pages\/16\/revisions\/39"}],"up":[{"embeddable":true,"href":"https:\/\/projetoirmaos.com.br\/home\/wp-json\/wp\/v2\/pages\/5"}],"wp:attachment":[{"href":"https:\/\/projetoirmaos.com.br\/home\/wp-json\/wp\/v2\/media?parent=16"}],"curies":[{"name":"wp","href":"https:\/\/api.w.org\/{rel}","templated":true}]}}